{"id":123,"date":"2024-04-28T21:58:35","date_gmt":"2024-04-28T18:58:35","guid":{"rendered":"http:\/\/stellamarinayacht.com\/cancel-payment\/"},"modified":"-0001-11-30T00:00:00","modified_gmt":"-0001-11-29T21:00:00","slug":"cancel-payment","status":"publish","type":"page","link":"https:\/\/stellamarinayacht.com\/tr\/cancel-payment\/","title":{"rendered":"\u00d6demeyi \u0130ptal Et"},"content":{"rendered":"<div class=\"bpa-front-data-empty-view __bpa-is-guest-view\">\n<h4>\u00dczg\u00fcn\u00fcm! Bir \u015feyler yanl\u0131\u015f gitti. \u00d6demeniz ba\u015far\u0131s\u0131z oldu.<\/h4>\n<\/p><\/div>","protected":false},"excerpt":{"rendered":"<p>\u00dczg\u00fcn\u00fcm! Bir \u015feyler yanl\u0131\u015f gitti. \u00d6demeniz ba\u015far\u0131s\u0131z oldu.<\/p>","protected":false},"author":1,"featured_media":0,"parent":0,"menu_order":0,"comment_status":"open","ping_status":"open","template":"","meta":{"footnotes":""},"class_list":["post-123","page","type-page","status-publish","hentry"],"_links":{"self":[{"href":"https:\/\/stellamarinayacht.com\/tr\/wp-json\/wp\/v2\/pages\/123","targetHints":{"allow":["GET"]}}],"collection":[{"href":"https:\/\/stellamarinayacht.com\/tr\/wp-json\/wp\/v2\/pages"}],"about":[{"href":"https:\/\/stellamarinayacht.com\/tr\/wp-json\/wp\/v2\/types\/page"}],"author":[{"embeddable":true,"href":"https:\/\/stellamarinayacht.com\/tr\/wp-json\/wp\/v2\/users\/1"}],"replies":[{"embeddable":true,"href":"https:\/\/stellamarinayacht.com\/tr\/wp-json\/wp\/v2\/comments?post=123"}],"version-history":[{"count":0,"href":"https:\/\/stellamarinayacht.com\/tr\/wp-json\/wp\/v2\/pages\/123\/revisions"}],"wp:attachment":[{"href":"https:\/\/stellamarinayacht.com\/tr\/wp-json\/wp\/v2\/media?parent=123"}],"curies":[{"name":"wp","href":"https:\/\/api.w.org\/{rel}","templated":true}]}}