{"id":122,"date":"2024-04-28T21:58:35","date_gmt":"2024-04-28T18:58:35","guid":{"rendered":"http:\/\/stellamarinayacht.com\/cancel-appointment\/"},"modified":"-0001-11-30T00:00:00","modified_gmt":"-0001-11-29T21:00:00","slug":"cancel-appointment","status":"publish","type":"page","link":"https:\/\/stellamarinayacht.com\/tr\/cancel-appointment\/","title":{"rendered":"Randevu iptal edildi"},"content":{"rendered":"<div class=\"bpa-front-cancel-module-container\">\n<div class=\"bpa-front-cmc__title\">Randevuyu iptal etme talebinde bulundu\u011funuzu duydu\u011fuma \u00fcz\u00fcld\u00fcm.<\/div>\n<div class=\"bpa-front-cmc__desc\">Randevu iptali i\u00e7in e-posta bildirimi g\u00f6nderdik. Bu nedenle randevuyu iptal etmek i\u00e7in l\u00fctfen butona t\u0131klay\u0131n.<\/div>\n<\/p><\/div>","protected":false},"excerpt":{"rendered":"<p>Randevuyu iptal etme talebinde bulundu\u011funuzu duydu\u011fuma \u00fcz\u00fcld\u00fcm. Randevu iptali i\u00e7in e-posta bildirimi g\u00f6nderdik. Bu nedenle randevuyu iptal etmek i\u00e7in l\u00fctfen butona t\u0131klay\u0131n.<\/p>","protected":false},"author":1,"featured_media":0,"parent":0,"menu_order":0,"comment_status":"open","ping_status":"open","template":"","meta":{"footnotes":""},"class_list":["post-122","page","type-page","status-publish","hentry"],"_links":{"self":[{"href":"https:\/\/stellamarinayacht.com\/tr\/wp-json\/wp\/v2\/pages\/122","targetHints":{"allow":["GET"]}}],"collection":[{"href":"https:\/\/stellamarinayacht.com\/tr\/wp-json\/wp\/v2\/pages"}],"about":[{"href":"https:\/\/stellamarinayacht.com\/tr\/wp-json\/wp\/v2\/types\/page"}],"author":[{"embeddable":true,"href":"https:\/\/stellamarinayacht.com\/tr\/wp-json\/wp\/v2\/users\/1"}],"replies":[{"embeddable":true,"href":"https:\/\/stellamarinayacht.com\/tr\/wp-json\/wp\/v2\/comments?post=122"}],"version-history":[{"count":0,"href":"https:\/\/stellamarinayacht.com\/tr\/wp-json\/wp\/v2\/pages\/122\/revisions"}],"wp:attachment":[{"href":"https:\/\/stellamarinayacht.com\/tr\/wp-json\/wp\/v2\/media?parent=122"}],"curies":[{"name":"wp","href":"https:\/\/api.w.org\/{rel}","templated":true}]}}