{"id":271,"date":"2024-04-29T22:03:38","date_gmt":"2024-04-29T19:03:38","guid":{"rendered":"http:\/\/stellamarinayacht.com\/rezervasyon-onayi\/islem-basarisiz\/"},"modified":"2024-04-29T22:03:38","modified_gmt":"2024-04-29T19:03:38","slug":"islem-basarisiz","status":"publish","type":"page","link":"https:\/\/stellamarinayacht.com\/en_gb\/rezervasyon-onayi\/islem-basarisiz\/","title":{"rendered":"\u0130\u015flem Ba\u015far\u0131s\u0131z"},"content":{"rendered":"<p>Maalesef, i\u015fleminiz \u015fu anda tamamlanam\u0131yor. L\u00fctfen tekrar deneyin veya bizimle ileti\u015fime ge\u00e7in.<\/p>\n","protected":false},"excerpt":{"rendered":"<p>Maalesef, i\u015fleminiz \u015fu anda tamamlanam\u0131yor. L\u00fctfen tekrar deneyin veya bizimle ileti\u015fime ge\u00e7in.<\/p>\n","protected":false},"author":1,"featured_media":0,"parent":267,"menu_order":0,"comment_status":"closed","ping_status":"closed","template":"","meta":{"footnotes":""},"class_list":["post-271","page","type-page","status-publish","hentry"],"_links":{"self":[{"href":"https:\/\/stellamarinayacht.com\/en_gb\/wp-json\/wp\/v2\/pages\/271","targetHints":{"allow":["GET"]}}],"collection":[{"href":"https:\/\/stellamarinayacht.com\/en_gb\/wp-json\/wp\/v2\/pages"}],"about":[{"href":"https:\/\/stellamarinayacht.com\/en_gb\/wp-json\/wp\/v2\/types\/page"}],"author":[{"embeddable":true,"href":"https:\/\/stellamarinayacht.com\/en_gb\/wp-json\/wp\/v2\/users\/1"}],"replies":[{"embeddable":true,"href":"https:\/\/stellamarinayacht.com\/en_gb\/wp-json\/wp\/v2\/comments?post=271"}],"version-history":[{"count":0,"href":"https:\/\/stellamarinayacht.com\/en_gb\/wp-json\/wp\/v2\/pages\/271\/revisions"}],"up":[{"embeddable":true,"href":"https:\/\/stellamarinayacht.com\/en_gb\/wp-json\/wp\/v2\/pages\/267"}],"wp:attachment":[{"href":"https:\/\/stellamarinayacht.com\/en_gb\/wp-json\/wp\/v2\/media?parent=271"}],"curies":[{"name":"wp","href":"https:\/\/api.w.org\/{rel}","templated":true}]}}